{"id":2443,"date":"2025-07-16T14:48:56","date_gmt":"2025-07-16T20:48:56","guid":{"rendered":"https:\/\/hemotherapyinfusioncenter.mx\/?page_id=2443"},"modified":"2025-07-16T14:50:50","modified_gmt":"2025-07-16T20:50:50","slug":"mapa-de-sitio","status":"publish","type":"page","link":"https:\/\/hemotherapyinfusioncenter.mx\/?page_id=2443","title":{"rendered":"Mapa de Sitio"},"content":{"rendered":"<p>[et_pb_section fb_built=\u00bb1&#8243; theme_builder_area=\u00bbpost_content\u00bb _builder_version=\u00bb4.27.4&#8243; _module_preset=\u00bbdefault\u00bb da_is_popup=\u00bboff\u00bb da_exit_intent=\u00bboff\u00bb da_has_close=\u00bbon\u00bb da_alt_close=\u00bboff\u00bb da_dark_close=\u00bboff\u00bb da_not_modal=\u00bbon\u00bb da_is_singular=\u00bboff\u00bb da_with_loader=\u00bboff\u00bb da_has_shadow=\u00bbon\u00bb da_disable_devices=\u00bboff|off|off\u00bb][et_pb_row _builder_version=\u00bb4.27.4&#8243; _module_preset=\u00bbdefault\u00bb theme_builder_area=\u00bbpost_content\u00bb][et_pb_column _builder_version=\u00bb4.27.4&#8243; _module_preset=\u00bbdefault\u00bb type=\u00bb4_4&#8243; theme_builder_area=\u00bbpost_content\u00bb][et_pb_text _builder_version=\u00bb4.27.4&#8243; _module_preset=\u00bbdefault\u00bb theme_builder_area=\u00bbpost_content\u00bb hover_enabled=\u00bb0&#8243; sticky_enabled=\u00bb0&#8243;]Hemotherapy Infusion Center<br \/>\nCentro de Infusi\u00f3n<br \/>\nCl\u00ednica ambulatoria<br \/>\nCentro de Infusi\u00f3n<br \/>\nInfusi\u00f3n de Medicamentos Oncol\u00f3gicos<br \/>\nInfusi\u00f3n de medicamentos de alta especialidad<br \/>\nInfusion de medicamentos<br \/>\nInfusi\u00f3n de medicina<br \/>\nMedicina de Alta Especialidad<br \/>\nMedicamentos de quimioterapia<br \/>\nTratamiento del c\u00e1ncer<br \/>\nTratamiento de inmunoterapia para c\u00e1ncer<br \/>\nCu\u00e1nto cuesta una quimioterapia<br \/>\nInmunoterapia costo<br \/>\nInmunoterapia<br \/>\nPrecio Quimioterapia<br \/>\nQuimioterapia[\/et_pb_text][\/et_pb_column][\/et_pb_row][\/et_pb_section]<\/p>\n","protected":false},"excerpt":{"rendered":"<p>Hemotherapy Infusion Center Centro de Infusi\u00f3n Cl\u00ednica ambulatoria Centro de Infusi\u00f3n Infusi\u00f3n de Medicamentos Oncol\u00f3gicos Infusi\u00f3n de medicamentos de alta especialidad Infusion de medicamentos Infusi\u00f3n de medicina Medicina de Alta Especialidad Medicamentos de quimioterapia Tratamiento del c\u00e1ncer Tratamiento de inmunoterapia para c\u00e1ncer Cu\u00e1nto cuesta una quimioterapia Inmunoterapia costo Inmunoterapia Precio Quimioterapia Quimioterapia<\/p>\n","protected":false},"author":1,"featured_media":0,"parent":0,"menu_order":0,"comment_status":"closed","ping_status":"closed","template":"","meta":{"_et_pb_use_builder":"on","_et_pb_old_content":"","_et_gb_content_width":"","_joinchat":[],"footnotes":""},"class_list":["post-2443","page","type-page","status-publish","hentry"],"yoast_head":"<!-- This site is optimized with the Yoast SEO plugin v27.3 - https:\/\/yoast.com\/product\/yoast-seo-wordpress\/ -->\n<title>Mapa de Sitio - HemoTherapy Infusion Center<\/title>\n<meta name=\"robots\" content=\"index, follow, max-snippet:-1, max-image-preview:large, max-video-preview:-1\" \/>\n<link rel=\"canonical\" href=\"https:\/\/hemotherapyinfusioncenter.mx\/?page_id=2443\" \/>\n<meta property=\"og:locale\" content=\"es_ES\" \/>\n<meta property=\"og:type\" content=\"article\" \/>\n<meta property=\"og:title\" content=\"Mapa de Sitio - HemoTherapy Infusion Center\" \/>\n<meta property=\"og:description\" content=\"Hemotherapy Infusion Center Centro de Infusi\u00f3n Cl\u00ednica ambulatoria Centro de Infusi\u00f3n Infusi\u00f3n de Medicamentos Oncol\u00f3gicos Infusi\u00f3n de medicamentos de alta especialidad Infusion de medicamentos Infusi\u00f3n de medicina Medicina de Alta Especialidad Medicamentos de quimioterapia Tratamiento del c\u00e1ncer Tratamiento de inmunoterapia para c\u00e1ncer Cu\u00e1nto cuesta una quimioterapia Inmunoterapia costo Inmunoterapia Precio Quimioterapia Quimioterapia\" \/>\n<meta property=\"og:url\" content=\"https:\/\/hemotherapyinfusioncenter.mx\/?page_id=2443\" \/>\n<meta property=\"og:site_name\" content=\"HemoTherapy Infusion Center\" \/>\n<meta property=\"article:modified_time\" content=\"2025-07-16T20:50:50+00:00\" \/>\n<meta name=\"twitter:card\" content=\"summary_large_image\" \/>\n<script type=\"application\/ld+json\" class=\"yoast-schema-graph\">{\"@context\":\"https:\\\/\\\/schema.org\",\"@graph\":[{\"@type\":\"WebPage\",\"@id\":\"https:\\\/\\\/hemotherapyinfusioncenter.mx\\\/?page_id=2443\",\"url\":\"https:\\\/\\\/hemotherapyinfusioncenter.mx\\\/?page_id=2443\",\"name\":\"Mapa de Sitio - HemoTherapy Infusion Center\",\"isPartOf\":{\"@id\":\"https:\\\/\\\/hemotherapyinfusioncenter.mx\\\/#website\"},\"datePublished\":\"2025-07-16T20:48:56+00:00\",\"dateModified\":\"2025-07-16T20:50:50+00:00\",\"breadcrumb\":{\"@id\":\"https:\\\/\\\/hemotherapyinfusioncenter.mx\\\/?page_id=2443#breadcrumb\"},\"inLanguage\":\"es\",\"potentialAction\":[{\"@type\":\"ReadAction\",\"target\":[\"https:\\\/\\\/hemotherapyinfusioncenter.mx\\\/?page_id=2443\"]}]},{\"@type\":\"BreadcrumbList\",\"@id\":\"https:\\\/\\\/hemotherapyinfusioncenter.mx\\\/?page_id=2443#breadcrumb\",\"itemListElement\":[{\"@type\":\"ListItem\",\"position\":1,\"name\":\"Portada\",\"item\":\"https:\\\/\\\/hemotherapyinfusioncenter.mx\\\/\"},{\"@type\":\"ListItem\",\"position\":2,\"name\":\"Mapa de Sitio\"}]},{\"@type\":\"WebSite\",\"@id\":\"https:\\\/\\\/hemotherapyinfusioncenter.mx\\\/#website\",\"url\":\"https:\\\/\\\/hemotherapyinfusioncenter.mx\\\/\",\"name\":\"HemoTherapy Infusion Center\",\"description\":\"Centro de Infusi\u00f3n\",\"potentialAction\":[{\"@type\":\"SearchAction\",\"target\":{\"@type\":\"EntryPoint\",\"urlTemplate\":\"https:\\\/\\\/hemotherapyinfusioncenter.mx\\\/?s={search_term_string}\"},\"query-input\":{\"@type\":\"PropertyValueSpecification\",\"valueRequired\":true,\"valueName\":\"search_term_string\"}}],\"inLanguage\":\"es\"}]}<\/script>\n<!-- \/ Yoast SEO plugin. -->","yoast_head_json":{"title":"Mapa de Sitio - HemoTherapy Infusion Center","robots":{"index":"index","follow":"follow","max-snippet":"max-snippet:-1","max-image-preview":"max-image-preview:large","max-video-preview":"max-video-preview:-1"},"canonical":"https:\/\/hemotherapyinfusioncenter.mx\/?page_id=2443","og_locale":"es_ES","og_type":"article","og_title":"Mapa de Sitio - HemoTherapy Infusion Center","og_description":"Hemotherapy Infusion Center Centro de Infusi\u00f3n Cl\u00ednica ambulatoria Centro de Infusi\u00f3n Infusi\u00f3n de Medicamentos Oncol\u00f3gicos Infusi\u00f3n de medicamentos de alta especialidad Infusion de medicamentos Infusi\u00f3n de medicina Medicina de Alta Especialidad Medicamentos de quimioterapia Tratamiento del c\u00e1ncer Tratamiento de inmunoterapia para c\u00e1ncer Cu\u00e1nto cuesta una quimioterapia Inmunoterapia costo Inmunoterapia Precio Quimioterapia Quimioterapia","og_url":"https:\/\/hemotherapyinfusioncenter.mx\/?page_id=2443","og_site_name":"HemoTherapy Infusion Center","article_modified_time":"2025-07-16T20:50:50+00:00","twitter_card":"summary_large_image","schema":{"@context":"https:\/\/schema.org","@graph":[{"@type":"WebPage","@id":"https:\/\/hemotherapyinfusioncenter.mx\/?page_id=2443","url":"https:\/\/hemotherapyinfusioncenter.mx\/?page_id=2443","name":"Mapa de Sitio - HemoTherapy Infusion Center","isPartOf":{"@id":"https:\/\/hemotherapyinfusioncenter.mx\/#website"},"datePublished":"2025-07-16T20:48:56+00:00","dateModified":"2025-07-16T20:50:50+00:00","breadcrumb":{"@id":"https:\/\/hemotherapyinfusioncenter.mx\/?page_id=2443#breadcrumb"},"inLanguage":"es","potentialAction":[{"@type":"ReadAction","target":["https:\/\/hemotherapyinfusioncenter.mx\/?page_id=2443"]}]},{"@type":"BreadcrumbList","@id":"https:\/\/hemotherapyinfusioncenter.mx\/?page_id=2443#breadcrumb","itemListElement":[{"@type":"ListItem","position":1,"name":"Portada","item":"https:\/\/hemotherapyinfusioncenter.mx\/"},{"@type":"ListItem","position":2,"name":"Mapa de Sitio"}]},{"@type":"WebSite","@id":"https:\/\/hemotherapyinfusioncenter.mx\/#website","url":"https:\/\/hemotherapyinfusioncenter.mx\/","name":"HemoTherapy Infusion Center","description":"Centro de Infusi\u00f3n","potentialAction":[{"@type":"SearchAction","target":{"@type":"EntryPoint","urlTemplate":"https:\/\/hemotherapyinfusioncenter.mx\/?s={search_term_string}"},"query-input":{"@type":"PropertyValueSpecification","valueRequired":true,"valueName":"search_term_string"}}],"inLanguage":"es"}]}},"_links":{"self":[{"href":"https:\/\/hemotherapyinfusioncenter.mx\/index.php?rest_route=\/wp\/v2\/pages\/2443","targetHints":{"allow":["GET"]}}],"collection":[{"href":"https:\/\/hemotherapyinfusioncenter.mx\/index.php?rest_route=\/wp\/v2\/pages"}],"about":[{"href":"https:\/\/hemotherapyinfusioncenter.mx\/index.php?rest_route=\/wp\/v2\/types\/page"}],"author":[{"embeddable":true,"href":"https:\/\/hemotherapyinfusioncenter.mx\/index.php?rest_route=\/wp\/v2\/users\/1"}],"replies":[{"embeddable":true,"href":"https:\/\/hemotherapyinfusioncenter.mx\/index.php?rest_route=%2Fwp%2Fv2%2Fcomments&post=2443"}],"version-history":[{"count":2,"href":"https:\/\/hemotherapyinfusioncenter.mx\/index.php?rest_route=\/wp\/v2\/pages\/2443\/revisions"}],"predecessor-version":[{"id":2446,"href":"https:\/\/hemotherapyinfusioncenter.mx\/index.php?rest_route=\/wp\/v2\/pages\/2443\/revisions\/2446"}],"wp:attachment":[{"href":"https:\/\/hemotherapyinfusioncenter.mx\/index.php?rest_route=%2Fwp%2Fv2%2Fmedia&parent=2443"}],"curies":[{"name":"wp","href":"https:\/\/api.w.org\/{rel}","templated":true}]}}